{"id":3451,"date":"2022-03-04T09:21:26","date_gmt":"2022-03-04T09:21:26","guid":{"rendered":"http:\/\/techzity.php1.frontit-test.dk?page_id=3451"},"modified":"2022-04-12T13:24:23","modified_gmt":"2022-04-12T13:24:23","slug":"tech-zity-klaipeda","status":"publish","type":"page","link":"https:\/\/techzity.php1.frontit-test.dk\/lt\/tech-zity-klaipeda\/","title":{"rendered":"Tech Zity Klaip\u0117da"},"content":{"rendered":"\n    <section id=\"techzity-block_61b300c0ee938\">\n        <div class=\"container-fluid px-md-7 mt-6 mt-lg-8 pb-2 pb-md-6 overflow-hidden title-with-menu  pt-6 pt-lg-7\">\n            <div class=\"row\">\n                <div class=\"col-12 col-md-6\">\n                                            <h2>Tech Zity Klaip\u0117da<\/h2>\n                                                                <div class=\"title-with-menu__subtitle mt-3 mt-lg-8 mb-4 mb-lg-0\">\n                            Coming soon                        <\/div>\n                                    <\/div>\n                            <\/div>\n        <\/div>\n    <\/section>\n\n    <section id=\"techzity-block_61b30112ee93d\">\n        <div class=\"container-fluid px-0 big-slider overflow-hidden\">\n                            <div class=\"row\">\n                    <div class=\"col-12 px-md-0 big-slider__mobile-opt \">\n                        <div class=\"swiper big-slider__slider\">\n                            <div class=\"swiper-wrapper\">\n                                                                    <div class=\"swiper-slide\">\n                                        <img src=\"https:\/\/techzity.php1.frontit-test.dk\/app\/uploads\/2022\/01\/1-24.png\"\n                                             alt=\"\">\n                                    <\/div>\n                                                                    <div class=\"swiper-slide\">\n                                        <img src=\"https:\/\/techzity.php1.frontit-test.dk\/app\/uploads\/2022\/01\/2-26.png\"\n                                             alt=\"\">\n                                    <\/div>\n                                                                    <div class=\"swiper-slide\">\n                                        <img src=\"https:\/\/techzity.php1.frontit-test.dk\/app\/uploads\/2022\/01\/3-24.png\"\n                                             alt=\"\">\n                                    <\/div>\n                                                                    <div class=\"swiper-slide\">\n                                        <img src=\"https:\/\/techzity.php1.frontit-test.dk\/app\/uploads\/2022\/01\/4-15.png\"\n                                             alt=\"\">\n                                    <\/div>\n                                                                    <div class=\"swiper-slide\">\n                                        <img src=\"https:\/\/techzity.php1.frontit-test.dk\/app\/uploads\/2022\/01\/5-10.png\"\n                                             alt=\"\">\n                                    <\/div>\n                                                                    <div class=\"swiper-slide\">\n                                        <img src=\"https:\/\/techzity.php1.frontit-test.dk\/app\/uploads\/2022\/01\/6-4.png\"\n                                             alt=\"\">\n                                    <\/div>\n                                                            <\/div>\n                            <div class=\"swiper-button-next\"><\/div>\n                                                    <\/div>\n                                                                                    <div class=\"big-slider__employee-card\">\n                                                                            <div class=\"big-slider__employee-card__title\">\n                                            Interested in Tech Zity Klaip\u0117da project?                                        <\/div>\n                                                                                                                <div class=\"big-slider__employee-card__employee mt-4\">\n                                                                                                                                                                                <div class=\"big-slider__employee-card__employee__image\">\n                                                    <img src=\"https:\/\/techzity.php1.frontit-test.dk\/app\/uploads\/2022\/01\/2-27-150x150.png\"\n                                                         alt=\"https:\/\/techzity.php1.frontit-test.dk\/app\/uploads\/2022\/01\/2-27.png\">\n                                                <\/div>\n                                                <div class=\"big-slider__employee-card__employee__info\">\n                                                                                                        <div class=\"big-slider__employee-card__employee__info__name mt-3\">\n                                                        J\u016brat\u0117 Pileckait\u0117                                                    <\/div>\n                                                    <div class=\"big-slider__employee-card__employee__info__position\">\n                                                        Head of Tech Zity Workspaces                                                    <\/div>\n                                                <\/div>\n                                                <div class=\"big-slider__employee-card__employee__icon\">\n                                                <\/div>\n                                                                                        <\/div>\n                                                                                <div class=\"big-slider__employee-card__bottom-text mt-6\">\n                                            Write to J\u016brat\u0117 and find out more!                                        <\/div>\n                                                                                    <div class=\"big-slider__employee-card__button mt-4\">\n                                                <a class=\"btn btn-primary text-white\"\n                                                   href=\"https:\/\/techzity.php1.frontit-test.dk\/contact-find-space\/\">Pasiteirauti<\/a>\n                                            <\/div>\n                                                                                                            <\/div>\n                                                                                                                        <\/div>\n                <\/div>\n                    <\/div>\n    <\/section>\n\n    <section id=\"techzity-block_61b3015cee941\">\n        <div class=\"container-fluid pt-8 pt-lg-10 pb-3  pl-md-7 info-text\">\n            <div class=\"row\">\n                <div class=\"col-12 col-lg-4 pr-lg-10\">\n                                            <h2 class=\"mb-3 mb-lg-0\">About Tech Zity <br\/>Klaip\u0117da<\/h2>\n                                    <\/div>\n                                    <div class=\"col-12 col-lg-6 overflow-hidden\">\n                                                    <div class=\"row\">\n                                <div class=\"col-12\">\n                                    <div class=\"info-text__content\">\n                                        <div class=\"info-text__content__text\">We are taking over the old beer factory and turning it into a start-up hub with offices, co-working &#038; co-living spaces, event spaces, restaurants, and much more!<\/div>\n                                    <\/div>\n                                <\/div>\n                            <\/div>\n\n                                                                            <div class=\"row\">\n                                <div class=\"col-12 col-lg-10 mt-3 mt-lg-5\">\n                                    <span class=\"info-text__sub-content\">At the beginning of 2023, in the former reconstructed brewery \u0160vyturys, we will open our largest location in Lithuania &#8211; Tech Zity Klaip\u0117da. It will not only be a modern and inspiring workspace but also a great place to spend time with the team, community, or friends. Here we are building a modern 15,000 square meters town for the start-up community and every citizen of Klaip\u0117da. \r\n<br\/>We are creating Tech Zity Klaip\u0117da for a comfortable time and life in Klaip\u0117da!\r\n<\/span>\n                                <\/div>\n                            <\/div>\n                        \n                                                                                                <\/div>\n                            <\/div>\n        <\/div>\n    <\/section>\n\n    <section id=\"techzity-block_61b30188ee942\">\n        <div class=\"container-fluid py-6 py-lg-10 pl-md-7\">\n            <div class=\"row\">\n                <div class=\"col-12 col-lg-4 pr-0 pr-lg-10\">\n                                            <h2 class=\"mb-sm-3\">Here you will find<\/h2>\n                                                                                                                        <\/div>\n                                    <div class=\"col-12 col-lg-8 overflow-hidden mt-6 mt-lg-0\">\n                        <div class=\"swiper community-slider\">\n                            <div class=\"swiper-wrapper\">\n                                                                    <div class=\"swiper-slide\">\n                                                                                <a href=\"https:\/\/techzity.php1.frontit-test.dk\/lt\/bendradarbystes-erdves\/\">\n                                                                                        <div class=\"community-slider__img-box has-url\">\n                                                <div class=\"community-slider__img-box__img-layer\"><\/div>\n                                                                                                                                                    <img src=\"https:\/\/techzity.php1.frontit-test.dk\/app\/uploads\/2021\/12\/tech_park-34-scaled-e1640625571398.jpg\"\n                                                         alt=\"\">\n                                                                                            <\/div>\n                                            <div class=\"community-slider__text-box mt-2 mt-lg-4\">\n                                                <h4>Co-working spaces<\/h4>\n                                            <\/div>\n                                                                                                                                <\/a>\n                                                                        <\/div>\n                                                                    <div class=\"swiper-slide\">\n                                                                                <a href=\"https:\/\/techzity.php1.frontit-test.dk\/lt\/biuru-nuoma\/\">\n                                                                                        <div class=\"community-slider__img-box has-url\">\n                                                <div class=\"community-slider__img-box__img-layer\"><\/div>\n                                                                                                                                                    <img src=\"https:\/\/techzity.php1.frontit-test.dk\/app\/uploads\/2022\/01\/office.png\"\n                                                         alt=\"\">\n                                                                                            <\/div>\n                                            <div class=\"community-slider__text-box mt-2 mt-lg-4\">\n                                                <h4>Privat\u016bs biurai<\/h4>\n                                            <\/div>\n                                                                                                                                <\/a>\n                                                                        <\/div>\n                                                                    <div class=\"swiper-slide\">\n                                                                                <a href=\"https:\/\/techzity.php1.frontit-test.dk\/lt\/renginiu-erdves\/\">\n                                                                                        <div class=\"community-slider__img-box has-url\">\n                                                <div class=\"community-slider__img-box__img-layer\"><\/div>\n                                                                                                                                                    <img src=\"https:\/\/techzity.php1.frontit-test.dk\/app\/uploads\/2022\/01\/GettyImages-115865419.jpeg\"\n                                                         alt=\"\">\n                                                                                            <\/div>\n                                            <div class=\"community-slider__text-box mt-2 mt-lg-4\">\n                                                <h4>Rengini\u0173 erdv\u0117s<\/h4>\n                                            <\/div>\n                                                                                                                                <\/a>\n                                                                        <\/div>\n                                                                    <div class=\"swiper-slide\">\n                                                                                <a href=\"https:\/\/techzity.php1.frontit-test.dk\/lt\/co-living-erdves\/\">\n                                                                                        <div class=\"community-slider__img-box has-url\">\n                                                <div class=\"community-slider__img-box__img-layer\"><\/div>\n                                                                                                                                                    <img src=\"https:\/\/techzity.php1.frontit-test.dk\/app\/uploads\/2022\/01\/1-23.png\"\n                                                         alt=\"\">\n                                                                                            <\/div>\n                                            <div class=\"community-slider__text-box mt-2 mt-lg-4\">\n                                                <h4>Co-living spaces<\/h4>\n                                            <\/div>\n                                                                                                                                <\/a>\n                                                                        <\/div>\n                                                                    <div class=\"swiper-slide\">\n                                                                                    <div class=\"community-slider__img-box \">\n                                                <div class=\"community-slider__img-box__img-layer\"><\/div>\n                                                                                                                                                    <img src=\"https:\/\/techzity.php1.frontit-test.dk\/app\/uploads\/2022\/01\/2-25.png\"\n                                                         alt=\"\">\n                                                                                            <\/div>\n                                            <div class=\"community-slider__text-box mt-2 mt-lg-4\">\n                                                <h4>Food court<\/h4>\n                                            <\/div>\n                                                                                                                            <\/div>\n                                                            <\/div>\n                            <div class=\"swiper-button-next community-slider__swiper-button-next\"><\/div>\n                            <div class=\"swiper-button-prev community-slider__swiper-button-prev\"><\/div>\n                        <\/div>\n                    <\/div>\n                            <\/div>\n        <\/div>\n    <\/section>\n\n    <section id=\"techzity-block_61b307e5c38f2\">\n        <div class=\"container-fluid contact-us-block  mt-lg-8 mb-0  mb-lg-8 mt-6 py-lg-7 pt-5 px-md-7\">\n            <div class=\"row\">\n                <div class=\"col-12\">\n                    <div class=\"row\">\n                                                    <div class=\"col-12 col-md-6 col-lg-3 pr-lg-6\">\n                                <h2>Let us tell you more about this project!<\/h2>\n                                                                    <div class=\"contact-us-block__about-button mt-6\">\n                                        <a href=\"https:\/\/techzity.php1.frontit-test.dk\/contact-find-space\/\">Pasiteirauti<\/a>\n                                    <\/div>\n                                                                \n                                                                                                                            <\/div>\n                        \n                                                    <div class=\"col-12 col-md-6 col-lg-3 px-lg-6 mt-4 mt-md-0 contact-us-block__employee\">\n                                                                                                                                            <div class=\"contact-us-block__employee__img\">\n                                            <img src=\"https:\/\/techzity.php1.frontit-test.dk\/app\/uploads\/2022\/01\/2-27-150x150.png\"\n                                                 alt=\"\">\n                                        <\/div>\n                                    \n                                                                            <div class=\"contact-us-block__employee__name mt-3 mt-md-5\">\n                                            <h3>J\u016brat\u0117 Pileckait\u0117<\/h3>\n                                        <\/div>\n                                    \n                                                                            <div class=\"contact-us-block__employee__job-title mt-0 mt-md-3\">\n                                            <h3>Head of Tech Zity Workspaces<\/h3>\n                                        <\/div>\n                                    \n                                    \n                                    \n                                    \n                                                                                                                \n                                                            <\/div>\n                        \n                                                    <div class=\"col-12 col-lg-6 contact-us-block__maps overflow-hidden\">\n                                <iframe src=\"https:\/\/www.google.com\/maps\/embed?pb=!1m18!1m12!1m3!1d2247.902800661955!2d21.140551815928777!3d55.70806128054139!2m3!1f0!2f0!3f0!3m2!1i1024!2i768!4f13.1!3m3!1m2!1s0x46e4dbeaf777e109%3A0x5e8862158e50a038!2sTech%20Zity%20Klaip%C4%97da!5e0!3m2!1sen!2slt!4v1642426944458!5m2!1sen!2slt\" width=\"600\" height=\"450\" style=\"border:0;\" allowfullscreen=\"\" loading=\"lazy\"><\/iframe>                            <\/div>\n                        \n                    <\/div>\n                <\/div>\n            <\/div>\n        <\/div>\n    <\/section>\n","protected":false},"excerpt":{"rendered":"","protected":false},"author":1,"featured_media":0,"parent":0,"menu_order":0,"comment_status":"closed","ping_status":"closed","template":"","meta":[],"acf":[],"yoast_head":"<!-- This site is optimized with the Yoast SEO Premium plugin v18.4 (Yoast SEO v18.6) - https:\/\/yoast.com\/wordpress\/plugins\/seo\/ -->\n<title>Tech Zity Klaip\u0117da | Tech zity<\/title>\n<meta name=\"robots\" content=\"noindex, follow, max-snippet:-1, max-image-preview:large, max-video-preview:-1\" \/>\n<meta property=\"og:locale\" content=\"lt_LT\" \/>\n<meta property=\"og:type\" content=\"article\" \/>\n<meta property=\"og:title\" content=\"Tech Zity Klaip\u0117da\" \/>\n<meta property=\"og:url\" content=\"https:\/\/techzity.php1.frontit-test.dk\/lt\/tech-zity-klaipeda\/\" \/>\n<meta property=\"og:site_name\" content=\"Tech zity\" \/>\n<meta property=\"article:modified_time\" content=\"2022-04-12T13:24:23+00:00\" \/>\n<meta name=\"twitter:card\" content=\"summary_large_image\" \/>\n<script type=\"application\/ld+json\" class=\"yoast-schema-graph\">{\"@context\":\"https:\/\/schema.org\",\"@graph\":[{\"@type\":\"Organization\",\"@id\":\"https:\/\/techzity.php1.frontit-test.dk\/#organization\",\"name\":\"Techzity\",\"url\":\"https:\/\/techzity.php1.frontit-test.dk\/\",\"sameAs\":[],\"logo\":{\"@type\":\"ImageObject\",\"@id\":\"https:\/\/techzity.php1.frontit-test.dk\/#logo\",\"inLanguage\":\"lt-LT\",\"url\":\"https:\/\/techzity.php1.frontit-test.dk\/app\/uploads\/2021\/11\/techzity_logo_melynas.svg\",\"contentUrl\":\"https:\/\/techzity.php1.frontit-test.dk\/app\/uploads\/2021\/11\/techzity_logo_melynas.svg\",\"caption\":\"Techzity\"},\"image\":{\"@id\":\"https:\/\/techzity.php1.frontit-test.dk\/#logo\"}},{\"@type\":\"WebSite\",\"@id\":\"https:\/\/techzity.php1.frontit-test.dk\/#website\",\"url\":\"https:\/\/techzity.php1.frontit-test.dk\/\",\"name\":\"Tech zity\",\"description\":\"\",\"publisher\":{\"@id\":\"https:\/\/techzity.php1.frontit-test.dk\/#organization\"},\"potentialAction\":[{\"@type\":\"SearchAction\",\"target\":{\"@type\":\"EntryPoint\",\"urlTemplate\":\"https:\/\/techzity.php1.frontit-test.dk\/?s={search_term_string}\"},\"query-input\":\"required name=search_term_string\"}],\"inLanguage\":\"lt-LT\"},{\"@type\":\"WebPage\",\"@id\":\"https:\/\/techzity.php1.frontit-test.dk\/lt\/tech-zity-klaipeda\/#webpage\",\"url\":\"https:\/\/techzity.php1.frontit-test.dk\/lt\/tech-zity-klaipeda\/\",\"name\":\"Tech Zity Klaip\u0117da | Tech zity\",\"isPartOf\":{\"@id\":\"https:\/\/techzity.php1.frontit-test.dk\/#website\"},\"datePublished\":\"2022-03-04T09:21:26+00:00\",\"dateModified\":\"2022-04-12T13:24:23+00:00\",\"breadcrumb\":{\"@id\":\"https:\/\/techzity.php1.frontit-test.dk\/lt\/tech-zity-klaipeda\/#breadcrumb\"},\"inLanguage\":\"lt-LT\",\"potentialAction\":[{\"@type\":\"ReadAction\",\"target\":[\"https:\/\/techzity.php1.frontit-test.dk\/lt\/tech-zity-klaipeda\/\"]}]},{\"@type\":\"BreadcrumbList\",\"@id\":\"https:\/\/techzity.php1.frontit-test.dk\/lt\/tech-zity-klaipeda\/#breadcrumb\",\"itemListElement\":[{\"@type\":\"ListItem\",\"position\":1,\"name\":\"Home\",\"item\":\"https:\/\/techzity.php1.frontit-test.dk\/lt\/\"},{\"@type\":\"ListItem\",\"position\":2,\"name\":\"Tech Zity Klaip\u0117da\"}]}]}<\/script>\n<!-- \/ Yoast SEO Premium plugin. -->","yoast_head_json":{"title":"Tech Zity Klaip\u0117da | Tech zity","robots":{"index":"noindex","follow":"follow","max-snippet":"max-snippet:-1","max-image-preview":"max-image-preview:large","max-video-preview":"max-video-preview:-1"},"og_locale":"lt_LT","og_type":"article","og_title":"Tech Zity Klaip\u0117da","og_url":"https:\/\/techzity.php1.frontit-test.dk\/lt\/tech-zity-klaipeda\/","og_site_name":"Tech zity","article_modified_time":"2022-04-12T13:24:23+00:00","twitter_card":"summary_large_image","schema":{"@context":"https:\/\/schema.org","@graph":[{"@type":"Organization","@id":"https:\/\/techzity.php1.frontit-test.dk\/#organization","name":"Techzity","url":"https:\/\/techzity.php1.frontit-test.dk\/","sameAs":[],"logo":{"@type":"ImageObject","@id":"https:\/\/techzity.php1.frontit-test.dk\/#logo","inLanguage":"lt-LT","url":"https:\/\/techzity.php1.frontit-test.dk\/app\/uploads\/2021\/11\/techzity_logo_melynas.svg","contentUrl":"https:\/\/techzity.php1.frontit-test.dk\/app\/uploads\/2021\/11\/techzity_logo_melynas.svg","caption":"Techzity"},"image":{"@id":"https:\/\/techzity.php1.frontit-test.dk\/#logo"}},{"@type":"WebSite","@id":"https:\/\/techzity.php1.frontit-test.dk\/#website","url":"https:\/\/techzity.php1.frontit-test.dk\/","name":"Tech zity","description":"","publisher":{"@id":"https:\/\/techzity.php1.frontit-test.dk\/#organization"},"potentialAction":[{"@type":"SearchAction","target":{"@type":"EntryPoint","urlTemplate":"https:\/\/techzity.php1.frontit-test.dk\/?s={search_term_string}"},"query-input":"required name=search_term_string"}],"inLanguage":"lt-LT"},{"@type":"WebPage","@id":"https:\/\/techzity.php1.frontit-test.dk\/lt\/tech-zity-klaipeda\/#webpage","url":"https:\/\/techzity.php1.frontit-test.dk\/lt\/tech-zity-klaipeda\/","name":"Tech Zity Klaip\u0117da | Tech zity","isPartOf":{"@id":"https:\/\/techzity.php1.frontit-test.dk\/#website"},"datePublished":"2022-03-04T09:21:26+00:00","dateModified":"2022-04-12T13:24:23+00:00","breadcrumb":{"@id":"https:\/\/techzity.php1.frontit-test.dk\/lt\/tech-zity-klaipeda\/#breadcrumb"},"inLanguage":"lt-LT","potentialAction":[{"@type":"ReadAction","target":["https:\/\/techzity.php1.frontit-test.dk\/lt\/tech-zity-klaipeda\/"]}]},{"@type":"BreadcrumbList","@id":"https:\/\/techzity.php1.frontit-test.dk\/lt\/tech-zity-klaipeda\/#breadcrumb","itemListElement":[{"@type":"ListItem","position":1,"name":"Home","item":"https:\/\/techzity.php1.frontit-test.dk\/lt\/"},{"@type":"ListItem","position":2,"name":"Tech Zity Klaip\u0117da"}]}]}},"_links":{"self":[{"href":"https:\/\/techzity.php1.frontit-test.dk\/lt\/wp-json\/wp\/v2\/pages\/3451"}],"collection":[{"href":"https:\/\/techzity.php1.frontit-test.dk\/lt\/wp-json\/wp\/v2\/pages"}],"about":[{"href":"https:\/\/techzity.php1.frontit-test.dk\/lt\/wp-json\/wp\/v2\/types\/page"}],"author":[{"embeddable":true,"href":"https:\/\/techzity.php1.frontit-test.dk\/lt\/wp-json\/wp\/v2\/users\/1"}],"replies":[{"embeddable":true,"href":"https:\/\/techzity.php1.frontit-test.dk\/lt\/wp-json\/wp\/v2\/comments?post=3451"}],"version-history":[{"count":13,"href":"https:\/\/techzity.php1.frontit-test.dk\/lt\/wp-json\/wp\/v2\/pages\/3451\/revisions"}],"predecessor-version":[{"id":6115,"href":"https:\/\/techzity.php1.frontit-test.dk\/lt\/wp-json\/wp\/v2\/pages\/3451\/revisions\/6115"}],"wp:attachment":[{"href":"https:\/\/techzity.php1.frontit-test.dk\/lt\/wp-json\/wp\/v2\/media?parent=3451"}],"curies":[{"name":"wp","href":"https:\/\/api.w.org\/{rel}","templated":true}]}}