{"id":5195,"date":"2022-03-03T10:09:03","date_gmt":"2022-03-03T10:09:03","guid":{"rendered":"http:\/\/techzity.php1.frontit-test.dk?page_id=5195"},"modified":"2022-03-04T12:20:17","modified_gmt":"2022-03-04T12:20:17","slug":"tech-cafe-taste-map","status":"publish","type":"page","link":"https:\/\/techzity.php1.frontit-test.dk\/lt\/tech-cafe-taste-map\/","title":{"rendered":"Tech Caf\u00e9 | Taste Map"},"content":{"rendered":"\n    <section id=\"techzity-block_61b323b9f64d7\">\n        <div class=\"container-fluid px-md-7 mt-6 mt-lg-8 pb-2 pb-md-6 overflow-hidden title-with-menu  pt-6 pt-lg-7\">\n            <div class=\"row\">\n                <div class=\"col-12 col-md-6\">\n                                            <h2>Tech Caf\u00e9 | Taste Map<\/h2>\n                                                        <\/div>\n                            <\/div>\n        <\/div>\n    <\/section>\n\n\n\n    <section id=\"techzity-block_61b32430f64dc\">\n        <div class=\"container-fluid px-0 big-slider overflow-hidden\">\n                            <div class=\"row\">\n                    <div class=\"col-12 px-md-0 big-slider__mobile-opt \">\n                        <div class=\"swiper big-slider__slider\">\n                            <div class=\"swiper-wrapper\">\n                                                                    <div class=\"swiper-slide\">\n                                        <img src=\"https:\/\/techzity.php1.frontit-test.dk\/app\/uploads\/2022\/01\/Tech-Cafe-307x307px-01.jpg\"\n                                             alt=\"\">\n                                    <\/div>\n                                                                    <div class=\"swiper-slide\">\n                                        <img src=\"https:\/\/techzity.php1.frontit-test.dk\/app\/uploads\/2022\/01\/Tech-Cafe-307x307px-02.jpg\"\n                                             alt=\"\">\n                                    <\/div>\n                                                                    <div class=\"swiper-slide\">\n                                        <img src=\"https:\/\/techzity.php1.frontit-test.dk\/app\/uploads\/2022\/01\/Tech-Cafe-307x307px-03.jpg\"\n                                             alt=\"\">\n                                    <\/div>\n                                                                    <div class=\"swiper-slide\">\n                                        <img src=\"https:\/\/techzity.php1.frontit-test.dk\/app\/uploads\/2022\/01\/Tech-Cafe-307x307px-04.jpg\"\n                                             alt=\"\">\n                                    <\/div>\n                                                            <\/div>\n                            <div class=\"swiper-button-next\"><\/div>\n                                                    <\/div>\n                                                                                    <div class=\"big-slider__employee-card\">\n                                                                            <div class=\"big-slider__employee-card__title\">\n                                            U\u017esisakyk privat\u0173 susitikim\u0173 kambar\u012f Tech Caf\u00e9.                                        <\/div>\n                                                                                                                <div class=\"big-slider__employee-card__employee mt-4\">\n                                                                                                                                                                                <div class=\"big-slider__employee-card__employee__image\">\n                                                    <img src=\"https:\/\/techzity.php1.frontit-test.dk\/app\/uploads\/2021\/12\/3-150x150.png\"\n                                                         alt=\"https:\/\/techzity.php1.frontit-test.dk\/app\/uploads\/2021\/12\/3.png\">\n                                                <\/div>\n                                                <div class=\"big-slider__employee-card__employee__info\">\n                                                                                                            <div class=\"big-slider__employee-card__employee__info__top-text\">\n                                                            Susisiek su                                                        <\/div>\n                                                                                                        <div class=\"big-slider__employee-card__employee__info__name mt-3\">\n                                                        Sigita Uzdilait\u0117                                                    <\/div>\n                                                    <div class=\"big-slider__employee-card__employee__info__position\">\n                                                        Community &#038; Project Coordinator at Tech Loft &#038; Tech Park                                                    <\/div>\n                                                <\/div>\n                                                <div class=\"big-slider__employee-card__employee__icon\">\n                                                <\/div>\n                                                                                        <\/div>\n                                                                                <div class=\"big-slider__employee-card__bottom-text mt-6\">\n                                                                                    <\/div>\n                                                                                    <div class=\"big-slider__employee-card__button mt-4\">\n                                                <a class=\"btn btn-primary text-white\"\n                                                   href=\"https:\/\/techzity.php1.frontit-test.dk\/contact-find-space\/\">Susisiek<\/a>\n                                            <\/div>\n                                                                                                            <\/div>\n                                                                                                                        <\/div>\n                <\/div>\n                    <\/div>\n    <\/section>\n\n\n\n    <section id=\"techzity-block_61b32560f64e0\">\n        <div class=\"container-fluid pt-8 pt-lg-10 pb-3  pl-md-7 info-text\">\n            <div class=\"row\">\n                <div class=\"col-12 col-lg-4 pr-lg-10\">\n                                            <h2 class=\"mb-3 mb-lg-0\">Apie Tech Caf\u00e9 <\/h2>\n                                    <\/div>\n                                    <div class=\"col-12 col-lg-6 overflow-hidden\">\n                                                    <div class=\"row\">\n                                <div class=\"col-12\">\n                                    <div class=\"info-text__content\">\n                                        <div class=\"info-text__content__text\">Tech Caf\u00e9 | Taste Map \u2013 co-working kavin\u0117 su lauko terasa, skaniu maistu ir geriausia kava mieste, sukurta startuoli\u0173 bendruomenei. Tai vieta darbui, pokalbiams, renginiams, susitikimams su partneriais ar tiesiog savaitgalio prie\u0161pie\u010diams su draugais.<\/div>\n                                    <\/div>\n                                <\/div>\n                            <\/div>\n\n                                                                            <div class=\"row\">\n                                <div class=\"col-12 col-lg-10 mt-3 mt-lg-5\">\n                                    <span class=\"info-text__sub-content\">Kartu su Taste Map suk\u016br\u0117me Tech Caf\u00e9 tam, kad \u0161ioje jaukioje vietoje \u017emon\u0117s gal\u0117t\u0173 atsine\u0161ti savo ne\u0161iojamus kompiuterius, dirbti tiek, kiek reikia laiko, nesijausdami nepageidaujami, ir paragauti gard\u017eiausios kavos mieste bei pasim\u0117gauti skaniu maistu. \u010cia i\u0161 ties\u0173 esate laukiami. <\/span>\n                                <\/div>\n                            <\/div>\n                        \n                                                                                                <\/div>\n                            <\/div>\n        <\/div>\n    <\/section>\n\n\n\n    <section id=\"techzity-block_61b325abf64e1\">\n        <div class=\"container-fluid py-6 py-lg-10 pl-md-7\">\n            <div class=\"row\">\n                <div class=\"col-12 col-lg-4 pr-0 pr-lg-10\">\n                                            <h2 class=\"mb-sm-3\">Tech Caf\u00e9 j\u016bs\u0173 paslaugoms<\/h2>\n                                                                                                                        <\/div>\n                                    <div class=\"col-12 col-lg-8 overflow-hidden mt-6 mt-lg-0\">\n                        <div class=\"swiper community-slider\">\n                            <div class=\"swiper-wrapper\">\n                                                                    <div class=\"swiper-slide\">\n                                                                                    <div class=\"community-slider__img-box \">\n                                                <div class=\"community-slider__img-box__img-layer\"><\/div>\n                                                                                                                                                    <img src=\"https:\/\/techzity.php1.frontit-test.dk\/app\/uploads\/2022\/01\/Untitled-design-7.png\"\n                                                         alt=\"\">\n                                                                                            <\/div>\n                                            <div class=\"community-slider__text-box mt-2 mt-lg-4\">\n                                                <h4>Nededikuotas darbo stalas<\/h4>\n                                            <\/div>\n                                                                                                                            <\/div>\n                                                                    <div class=\"swiper-slide\">\n                                                                                    <div class=\"community-slider__img-box \">\n                                                <div class=\"community-slider__img-box__img-layer\"><\/div>\n                                                                                                                                                    <img src=\"https:\/\/techzity.php1.frontit-test.dk\/app\/uploads\/2022\/01\/Cafe-is-at-your-service-307x307px-01.jpg\"\n                                                         alt=\"\">\n                                                                                            <\/div>\n                                            <div class=\"community-slider__text-box mt-2 mt-lg-4\">\n                                                <h4>Susitikim\u0173 kambarys<\/h4>\n                                            <\/div>\n                                                                                                                            <\/div>\n                                                                    <div class=\"swiper-slide\">\n                                                                                    <div class=\"community-slider__img-box \">\n                                                <div class=\"community-slider__img-box__img-layer\"><\/div>\n                                                                                                                                                    <img src=\"https:\/\/techzity.php1.frontit-test.dk\/app\/uploads\/2022\/01\/Tech-Cafe-307x307px-01.jpg\"\n                                                         alt=\"\">\n                                                                                            <\/div>\n                                            <div class=\"community-slider__text-box mt-2 mt-lg-4\">\n                                                <h4>Vieta j\u016bs\u0173 renginiui<\/h4>\n                                            <\/div>\n                                                                                                                            <\/div>\n                                                                    <div class=\"swiper-slide\">\n                                                                                    <div class=\"community-slider__img-box \">\n                                                <div class=\"community-slider__img-box__img-layer\"><\/div>\n                                                                                                                                                    <img src=\"https:\/\/techzity.php1.frontit-test.dk\/app\/uploads\/2022\/01\/Cafe-is-at-your-service-307x307px-04.jpg\"\n                                                         alt=\"\">\n                                                                                            <\/div>\n                                            <div class=\"community-slider__text-box mt-2 mt-lg-4\">\n                                                <h4>Maistas vis\u0105 dien\u0105<\/h4>\n                                            <\/div>\n                                                                                                                            <\/div>\n                                                            <\/div>\n                            <div class=\"swiper-button-next community-slider__swiper-button-next\"><\/div>\n                            <div class=\"swiper-button-prev community-slider__swiper-button-prev\"><\/div>\n                        <\/div>\n                    <\/div>\n                            <\/div>\n        <\/div>\n    <\/section>\n\n\n\n    <section id=\"techzity-block_61e489cb09362\">\n        <div class=\"container-fluid contact-us-block  mt-lg-8 mb-0  mb-lg-8 mt-6 py-lg-7 pt-5 px-md-7\">\n            <div class=\"row\">\n                <div class=\"col-12\">\n                    <div class=\"row\">\n                                                    <div class=\"col-12 col-md-6 col-lg-4 pr-lg-6\">\n                                <h2>Tech Caf\u00e9 \u2013 vieta skaniai kavai ir \u012fsimintiniems renginiams<\/h2>\n                                                                                                    <div class=\"contact-us-block__employee__subtitle mt-3 mt-lg-4\">\n                                        Pagrindin\u0117 kavin\u0117s erdv\u0117 puikiai tinka privatiems renginiams ir susitikimams.                                    <\/div>\n                                \n                                                                                                    <div class=\"contact-us-block__employee__email mt-3 mt-lg-4\">\n                                        <a href=\"mailto: sales@tastemap.lt\">\n                                            sales@tastemap.lt<\/a>\n                                    <\/div>\n                                                                                                    <div class=\"contact-us-block__employee__tel mt-3 mt-lg-4 mb-6\">\n                                        <a href=\"tel:+370 629 29136\">\n                                            +370 629 29136<\/a>\n                                    <\/div>\n                                                            <\/div>\n                        \n                        \n                                                    <div class=\"col-12 col-lg-8 contact-us-block__maps overflow-hidden\">\n                                <iframe src=\"https:\/\/www.google.com\/maps\/embed?pb=!1m18!1m12!1m3!1d2305.672398316002!2d25.309574415889784!3d54.697792380284426!2m3!1f0!2f0!3f0!3m2!1i1024!2i768!4f13.1!3m3!1m2!1s0x46dd97e9b7daeee7%3A0x7f1d208b540a284!2sTaste%20Map%20Tech%20Cafe!5e0!3m2!1sen!2slt!4v1642367551417!5m2!1sen!2slt\" width=\"600\" height=\"450\" style=\"border:0;\" allowfullscreen=\"\" loading=\"lazy\"><\/iframe>                            <\/div>\n                        \n                    <\/div>\n                <\/div>\n            <\/div>\n        <\/div>\n    <\/section>\n","protected":false},"excerpt":{"rendered":"","protected":false},"author":1,"featured_media":0,"parent":0,"menu_order":0,"comment_status":"closed","ping_status":"closed","template":"","meta":[],"acf":[],"yoast_head":"<!-- This site is optimized with the Yoast SEO Premium plugin v18.4 (Yoast SEO v18.6) - https:\/\/yoast.com\/wordpress\/plugins\/seo\/ -->\n<title>Tech Caf\u00e9 | Taste Map | Tech zity<\/title>\n<meta name=\"robots\" content=\"noindex, follow, max-snippet:-1, max-image-preview:large, max-video-preview:-1\" \/>\n<meta property=\"og:locale\" content=\"lt_LT\" \/>\n<meta property=\"og:type\" content=\"article\" \/>\n<meta property=\"og:title\" content=\"Tech Caf\u00e9 | Taste Map\" \/>\n<meta property=\"og:url\" content=\"https:\/\/techzity.php1.frontit-test.dk\/lt\/tech-cafe-taste-map\/\" \/>\n<meta property=\"og:site_name\" content=\"Tech zity\" \/>\n<meta property=\"article:modified_time\" content=\"2022-03-04T12:20:17+00:00\" \/>\n<meta name=\"twitter:card\" content=\"summary_large_image\" \/>\n<script type=\"application\/ld+json\" class=\"yoast-schema-graph\">{\"@context\":\"https:\/\/schema.org\",\"@graph\":[{\"@type\":\"Organization\",\"@id\":\"https:\/\/techzity.php1.frontit-test.dk\/#organization\",\"name\":\"Techzity\",\"url\":\"https:\/\/techzity.php1.frontit-test.dk\/\",\"sameAs\":[],\"logo\":{\"@type\":\"ImageObject\",\"@id\":\"https:\/\/techzity.php1.frontit-test.dk\/#logo\",\"inLanguage\":\"lt-LT\",\"url\":\"https:\/\/techzity.php1.frontit-test.dk\/app\/uploads\/2021\/11\/techzity_logo_melynas.svg\",\"contentUrl\":\"https:\/\/techzity.php1.frontit-test.dk\/app\/uploads\/2021\/11\/techzity_logo_melynas.svg\",\"caption\":\"Techzity\"},\"image\":{\"@id\":\"https:\/\/techzity.php1.frontit-test.dk\/#logo\"}},{\"@type\":\"WebSite\",\"@id\":\"https:\/\/techzity.php1.frontit-test.dk\/#website\",\"url\":\"https:\/\/techzity.php1.frontit-test.dk\/\",\"name\":\"Tech zity\",\"description\":\"\",\"publisher\":{\"@id\":\"https:\/\/techzity.php1.frontit-test.dk\/#organization\"},\"potentialAction\":[{\"@type\":\"SearchAction\",\"target\":{\"@type\":\"EntryPoint\",\"urlTemplate\":\"https:\/\/techzity.php1.frontit-test.dk\/?s={search_term_string}\"},\"query-input\":\"required name=search_term_string\"}],\"inLanguage\":\"lt-LT\"},{\"@type\":\"WebPage\",\"@id\":\"https:\/\/techzity.php1.frontit-test.dk\/lt\/tech-cafe-taste-map\/#webpage\",\"url\":\"https:\/\/techzity.php1.frontit-test.dk\/lt\/tech-cafe-taste-map\/\",\"name\":\"Tech Caf\u00e9 | Taste Map | Tech zity\",\"isPartOf\":{\"@id\":\"https:\/\/techzity.php1.frontit-test.dk\/#website\"},\"datePublished\":\"2022-03-03T10:09:03+00:00\",\"dateModified\":\"2022-03-04T12:20:17+00:00\",\"breadcrumb\":{\"@id\":\"https:\/\/techzity.php1.frontit-test.dk\/lt\/tech-cafe-taste-map\/#breadcrumb\"},\"inLanguage\":\"lt-LT\",\"potentialAction\":[{\"@type\":\"ReadAction\",\"target\":[\"https:\/\/techzity.php1.frontit-test.dk\/lt\/tech-cafe-taste-map\/\"]}]},{\"@type\":\"BreadcrumbList\",\"@id\":\"https:\/\/techzity.php1.frontit-test.dk\/lt\/tech-cafe-taste-map\/#breadcrumb\",\"itemListElement\":[{\"@type\":\"ListItem\",\"position\":1,\"name\":\"Home\",\"item\":\"https:\/\/techzity.php1.frontit-test.dk\/lt\/\"},{\"@type\":\"ListItem\",\"position\":2,\"name\":\"Tech Caf\u00e9 | Taste Map\"}]}]}<\/script>\n<!-- \/ Yoast SEO Premium plugin. -->","yoast_head_json":{"title":"Tech Caf\u00e9 | Taste Map | Tech zity","robots":{"index":"noindex","follow":"follow","max-snippet":"max-snippet:-1","max-image-preview":"max-image-preview:large","max-video-preview":"max-video-preview:-1"},"og_locale":"lt_LT","og_type":"article","og_title":"Tech Caf\u00e9 | Taste Map","og_url":"https:\/\/techzity.php1.frontit-test.dk\/lt\/tech-cafe-taste-map\/","og_site_name":"Tech zity","article_modified_time":"2022-03-04T12:20:17+00:00","twitter_card":"summary_large_image","schema":{"@context":"https:\/\/schema.org","@graph":[{"@type":"Organization","@id":"https:\/\/techzity.php1.frontit-test.dk\/#organization","name":"Techzity","url":"https:\/\/techzity.php1.frontit-test.dk\/","sameAs":[],"logo":{"@type":"ImageObject","@id":"https:\/\/techzity.php1.frontit-test.dk\/#logo","inLanguage":"lt-LT","url":"https:\/\/techzity.php1.frontit-test.dk\/app\/uploads\/2021\/11\/techzity_logo_melynas.svg","contentUrl":"https:\/\/techzity.php1.frontit-test.dk\/app\/uploads\/2021\/11\/techzity_logo_melynas.svg","caption":"Techzity"},"image":{"@id":"https:\/\/techzity.php1.frontit-test.dk\/#logo"}},{"@type":"WebSite","@id":"https:\/\/techzity.php1.frontit-test.dk\/#website","url":"https:\/\/techzity.php1.frontit-test.dk\/","name":"Tech zity","description":"","publisher":{"@id":"https:\/\/techzity.php1.frontit-test.dk\/#organization"},"potentialAction":[{"@type":"SearchAction","target":{"@type":"EntryPoint","urlTemplate":"https:\/\/techzity.php1.frontit-test.dk\/?s={search_term_string}"},"query-input":"required name=search_term_string"}],"inLanguage":"lt-LT"},{"@type":"WebPage","@id":"https:\/\/techzity.php1.frontit-test.dk\/lt\/tech-cafe-taste-map\/#webpage","url":"https:\/\/techzity.php1.frontit-test.dk\/lt\/tech-cafe-taste-map\/","name":"Tech Caf\u00e9 | Taste Map | Tech zity","isPartOf":{"@id":"https:\/\/techzity.php1.frontit-test.dk\/#website"},"datePublished":"2022-03-03T10:09:03+00:00","dateModified":"2022-03-04T12:20:17+00:00","breadcrumb":{"@id":"https:\/\/techzity.php1.frontit-test.dk\/lt\/tech-cafe-taste-map\/#breadcrumb"},"inLanguage":"lt-LT","potentialAction":[{"@type":"ReadAction","target":["https:\/\/techzity.php1.frontit-test.dk\/lt\/tech-cafe-taste-map\/"]}]},{"@type":"BreadcrumbList","@id":"https:\/\/techzity.php1.frontit-test.dk\/lt\/tech-cafe-taste-map\/#breadcrumb","itemListElement":[{"@type":"ListItem","position":1,"name":"Home","item":"https:\/\/techzity.php1.frontit-test.dk\/lt\/"},{"@type":"ListItem","position":2,"name":"Tech Caf\u00e9 | Taste Map"}]}]}},"_links":{"self":[{"href":"https:\/\/techzity.php1.frontit-test.dk\/lt\/wp-json\/wp\/v2\/pages\/5195"}],"collection":[{"href":"https:\/\/techzity.php1.frontit-test.dk\/lt\/wp-json\/wp\/v2\/pages"}],"about":[{"href":"https:\/\/techzity.php1.frontit-test.dk\/lt\/wp-json\/wp\/v2\/types\/page"}],"author":[{"embeddable":true,"href":"https:\/\/techzity.php1.frontit-test.dk\/lt\/wp-json\/wp\/v2\/users\/1"}],"replies":[{"embeddable":true,"href":"https:\/\/techzity.php1.frontit-test.dk\/lt\/wp-json\/wp\/v2\/comments?post=5195"}],"version-history":[{"count":2,"href":"https:\/\/techzity.php1.frontit-test.dk\/lt\/wp-json\/wp\/v2\/pages\/5195\/revisions"}],"predecessor-version":[{"id":5197,"href":"https:\/\/techzity.php1.frontit-test.dk\/lt\/wp-json\/wp\/v2\/pages\/5195\/revisions\/5197"}],"wp:attachment":[{"href":"https:\/\/techzity.php1.frontit-test.dk\/lt\/wp-json\/wp\/v2\/media?parent=5195"}],"curies":[{"name":"wp","href":"https:\/\/api.w.org\/{rel}","templated":true}]}}